{"id":260,"date":"2021-11-16T21:10:24","date_gmt":"2021-11-16T19:10:24","guid":{"rendered":"https:\/\/www.ousdeponent.com\/?page_id=260"},"modified":"2024-10-14T18:34:33","modified_gmt":"2024-10-14T16:34:33","slug":"home","status":"publish","type":"page","link":"https:\/\/www.ousdeponent.com\/?page_id=260&lang=en","title":{"rendered":"Home"},"content":{"rendered":"\n<h1>\n\t\tSustainability\n\t<\/h1>\n<h2>\n\t\tDo you know what our mantra is?\n\t<\/h2>\n<h3>\n\t\t&#8216;No quality without sustainability.&#8217; \n\t<\/h3>\n\t<p>In order to obtain a product that is as sustainable as possible, at Ous de Ponent we have been working to minimise the environmental impact of our activities for years.<\/p>\n<p>We have a <strong>closed-loop production system<\/strong> at Ous de Ponent. The cereals are sown and the soil is enriched with our birds&#8217; manure. The harvest is then collected and used to feed our hens, and they give us high-quality and <strong>100% sustainable eggs.<\/strong><\/p>\n<h2>\n\t\tRenewable Sources\n\t<\/h2>\n\t<p>Apart from this closed-loop production system, our facilities run on energy from renewable sources. We also produce our own energy thanks to our photovoltaic panels.<\/p>\n<h3>\n\t\tCommitted to the environment.\n\t<\/h3>\n<h4>\n\t\tOUR PRODUCT LIST\n\t<\/h4>\n<h1>\n\t\tWhat We Produce\n\t<\/h1>\n\t\t\t<!-- END .front -->\n\t\t\t<!-- END .back -->\n\t\t <!-- ifb-flip-box -->\n\t <!-- flip-box -->\n<h3>\n\t\tEggs\n\t<\/h3>\n\t<p>The third stage of the production process takes place in the classification centre, where the eggs undergo different quality control checks so that they can be classified and packaged according to the characteristics and final destination of each egg.<\/p>\n\t\t\t<!-- END .front -->\n\t\t\t<!-- END .back -->\n\t\t <!-- ifb-flip-box -->\n\t <!-- flip-box -->\n<h3>\n\t\tChickens\n\t<\/h3>\n\t<p>All our farms comply with &#8216;Animal Welfare&#8217; regulations. This means that our hens are looked after and ready to start the laying stage as &#8216;happy&#8217; as possible. The level of care given to hens makes them offer the best of themselves. In other words, exceptional-quality eggs.<\/p>\n\t\t\t<!-- END .front -->\n\t\t\t<!-- END .back -->\n\t\t <!-- ifb-flip-box -->\n\t <!-- flip-box -->\n<h3>\n\t\tChicks\n\t<\/h3>\n\t<p>As egg producers, we know that in order to have the best laying hens we first have to select and raise our chicks in the best possible way. Once they are 17 weeks old, they are ready to begin their laying stage.<\/p>\n<h4>\n\t\tWE HAVE DIFFERENT TYPES OF EGGS\n\t<\/h4>\n<h1>\n\t\tTypes of Eggs\n\t<\/h1>\n\t\t\t\t<img decoding=\"async\" src=\"https:\/\/i0.wp.com\/www.ousdeponent.com\/wp-content\/uploads\/2022\/05\/Ou_0-1.png?resize=150%2C150&#038;ssl=1\" alt=\"egg_0\" itemprop=\"image\" title=\"egg_0\" onerror=\"this.style.display='none'\"  data-recalc-dims=\"1\" \/>\n<h2>ORGANIC<\/h2>\t\t\n\t\t\t<p>For the most gourmet customers, we offer eggs from organic chickens. 100% certified. Ideal for supermarkets, gourmet channels or retail.<\/p>\n\t\t\t\t<img decoding=\"async\" src=\"https:\/\/i0.wp.com\/www.ousdeponent.com\/wp-content\/uploads\/2022\/05\/Ou_1-1.png?resize=150%2C150&#038;ssl=1\" alt=\"egg_1\" itemprop=\"image\" title=\"egg_1\" onerror=\"this.style.display='none'\"  data-recalc-dims=\"1\" \/>\n<h2>BARN-FARMED<\/h2>\t\t\n\t\t\t<p>Fresh shell eggs from our chicken coops. Maximum quality and processed directly for the end-consumer. Sale for supermarkets and distributors.<\/p>\n\t\t\t\t<img decoding=\"async\" src=\"https:\/\/i0.wp.com\/www.ousdeponent.com\/wp-content\/uploads\/2022\/05\/Ou_2-1.png?resize=150%2C150&#038;ssl=1\" alt=\"egg_2\" itemprop=\"image\" title=\"egg_2\" onerror=\"this.style.display='none'\"  data-recalc-dims=\"1\" \/>\n<h2>FREE RANGE<\/h2>\t\t\n\t\t\t<p>We also have free-range eggs for the most discerning customers. These products come from our cage-free hens. Recommended for supermarkets.<\/p>\n\t\t\t\t<img decoding=\"async\" src=\"https:\/\/i0.wp.com\/www.ousdeponent.com\/wp-content\/uploads\/2022\/05\/Ou_3-1.png?resize=150%2C150&#038;ssl=1\" alt=\"egg_3\" itemprop=\"image\" title=\"egg_3\" onerror=\"this.style.display='none'\"  data-recalc-dims=\"1\" \/>\n<h2>CAGE<\/h2>\t\t\n\t\t\t<p>Fresh eggs from our layer houses, which meet strict Animal Welfare requirements and the 2012 regulations for enriched cages. In this way, a code-three egg of the highest quality is obtained, mainly intended for supermarkets, distributors and export.<\/p>\n<h4>\n\t\tMAXIMUM SELF-DEMAND\n\t<\/h4>\n<h1>\n\t\tQuality Control\n\t<\/h1>\n\t\t\t\t<img decoding=\"async\" src=\"https:\/\/i0.wp.com\/www.ousdeponent.com\/wp-content\/uploads\/2024\/06\/ifs_food.png?w=600&#038;ssl=1\" alt=\"ifs_food.png?w=600&amp;ssl=1\" itemprop=\"image\" title=\"ifs_food.png?w=600&amp;ssl=1\" onerror=\"this.style.display='none'\"  \/>\n\t\t\t\t<img decoding=\"async\" src=\"https:\/\/i0.wp.com\/ousdeponent.com\/wp-content\/uploads\/2021\/07\/welfair-206x300.png?resize=206%2C300\" alt=\"welfair logo\" itemprop=\"image\" title=\"welfair\" onerror=\"this.style.display='none'\"  data-recalc-dims=\"1\" \/>\n\t\t\t\t<img decoding=\"async\" src=\"https:\/\/i0.wp.com\/ousdeponent.com\/wp-content\/uploads\/2021\/07\/sae.png\" alt=\"sae logo\" itemprop=\"image\" title=\"sae\" onerror=\"this.style.display='none'\"  data-recalc-dims=\"1\" \/>\n<h2>\n\t\tSistema autocontroles <br \/> espec\u00edficos para exportaci\u00f3n\n\t<\/h2>\n<h4>\n\t\tWE GO WEHEREVER YOU WANT\n\t<\/h4>\n<h1>\n\t\tExport\n\t<\/h1>\n\t<p>Year after year we strive to go further by building new links with leading companies in the food industry.<\/p>\n\t\t<ul>\n\t\t\t\t\t<li>\n\t\t\t\t<h5>Experience in exporting fresh eggs<\/h5>\n\t\t\t<\/li>\n\t\t\t\t\t<li>\n\t\t\t\t<h5>More than 20 countries in the European Union and Africa<\/h5>\n\t\t\t<\/li>\n\t\t\t\t<\/ul>\n\t\t\t\t<img decoding=\"async\" src=\"https:\/\/i0.wp.com\/ousdeponent.com\/wp-content\/uploads\/2021\/08\/freight-square.jpg\" alt=\"freight\" itemprop=\"image\" title=\"freight\" onerror=\"this.style.display='none'\"  data-recalc-dims=\"1\" \/>\n<h2>\n\t\t5 reasons to partner with us\n\t<\/h2>\n\t\t<ul>\n\t\t\t\t\t<li>\n\t\t\t\t<p>Extensive experience in producing and distributing fresh chicken eggs.<\/p>\n\t\t\t<\/li>\n\t\t\t\t<\/ul>\n\t\t<ul>\n\t\t\t\t\t<li>\n\t\t\t\t<p>Our products comply with national and international quality and food safety requirements.<\/p>\n\t\t\t<\/li>\n\t\t\t\t<\/ul>\n\t\t<ul>\n\t\t\t\t\t<li>\n\t\t\t\t<p>Ous de Ponent&#8217;s farms and production centres are located in Spain. This facilitates transportation of the products by both sea and land freight.<\/p>\n\t\t\t<\/li>\n\t\t\t\t<\/ul>\n\t\t<ul>\n\t\t\t\t\t<li>\n\t\t\t\t<p>Modern and sustainable production process.<\/p>\n\t\t\t<\/li>\n\t\t\t\t<\/ul>\n\t\t<ul>\n\t\t\t\t\t<li>\n\t\t\t\t<p>Great professional team, always providing the best service.<\/p>\n\t\t\t<\/li>\n\t\t\t\t<\/ul>\n<h4>\n\t\tANY QUESTIONS\n\t<\/h4>\n<h1>\n\t\tGet in Touch\n\t<\/h1>\n\t<p>For any inquiries and\/or requests, please fill out the following form. We would be delighted to help you.<\/p>\n\t<ul>\n\t\t<li>\t\t\t\t\n\t\t<h4> (+34) 973 714 348<\/h4><\/li><li>\t\t\t\t\n\t\t<h4>info@ousdeponent.com<\/h4><\/li><li>\t\t\t\t\n\t\t<h4>Partida Filella Baixa s\/n<\/h4><\/li>\t<\/ul>\n\t\t\t\t<img decoding=\"async\" src=\"https:\/\/i0.wp.com\/www.ousdeponent.com\/wp-content\/uploads\/2022\/11\/pdr-2.png?resize=300%2C68&#038;ssl=1\" alt=\"pdr\" itemprop=\"image\" title=\"pdr\" onerror=\"this.style.display='none'\"  data-recalc-dims=\"1\" \/>\n\t<strong>Mitigaci\u00f3 del canvi clim\u00e0tic a les explotacions agr\u00e0ries<\/strong><br \/>\nActuaci\u00f3 del Programa de desenvolupament rural de Catalunya 2014-2022 cofinan\u00e7ada per:\n\t\t\t\t<img decoding=\"async\" src=\"https:\/\/i0.wp.com\/www.ousdeponent.com\/wp-content\/uploads\/2022\/11\/ue-2.png?resize=300%2C64&#038;ssl=1\" alt=\"ue\" itemprop=\"image\" title=\"ue\" onerror=\"this.style.display='none'\"  data-recalc-dims=\"1\" \/>\n\t\t\t\t<img decoding=\"async\" src=\"https:\/\/i0.wp.com\/www.ousdeponent.com\/wp-content\/uploads\/2022\/11\/gene-2.png?resize=300%2C54&#038;ssl=1\" alt=\"gene\" itemprop=\"image\" title=\"gene\" onerror=\"this.style.display='none'\"  data-recalc-dims=\"1\" \/>\n\t\t\t\t<img loading=\"lazy\" decoding=\"async\" src=\"https:\/\/i0.wp.com\/www.ousdeponent.com\/wp-content\/uploads\/2024\/10\/PDR2024-2.png?resize=224%2C52&#038;ssl=1\" alt=\"PDR2024\" itemprop=\"image\" height=\"52\" width=\"224\" title=\"PDR2024\" onerror=\"this.style.display='none'\"  data-recalc-dims=\"1\" \/>\n\tAjut d&#8217;Estat SA. 100859 <strong><br \/>\nMillora dels processos de transformaci\u00f3 i comercialitzaci\u00f3 de productes agroalimentaris <\/strong><br \/>\n\u00abModernitzaci\u00f3 del centre d&#8217;envasat d&#8217;Ous de Ponent, SL, mitjan\u00e7ant la implantaci\u00f3 de maquin\u00e0ria de proc\u00e9s innovadora\u00bb\n\n","protected":false},"excerpt":{"rendered":"<p>Sustainability Do you know what our mantra is? &#8216;No quality without sustainability.&#8217; In order to obtain a product that is as sustainable as possible, at Ous de Ponent we have been working to minimise the environmental impact of our activities for years. We have a closed-loop production system at Ous de Ponent. The cereals are&hellip;<\/p>\n","protected":false},"author":1,"featured_media":0,"parent":0,"menu_order":0,"comment_status":"closed","ping_status":"closed","template":"","meta":{"inline_featured_image":false,"footnotes":""},"class_list":["post-260","page","type-page","status-publish","hentry"],"_links":{"self":[{"href":"https:\/\/www.ousdeponent.com\/index.php?rest_route=\/wp\/v2\/pages\/260","targetHints":{"allow":["GET"]}}],"collection":[{"href":"https:\/\/www.ousdeponent.com\/index.php?rest_route=\/wp\/v2\/pages"}],"about":[{"href":"https:\/\/www.ousdeponent.com\/index.php?rest_route=\/wp\/v2\/types\/page"}],"author":[{"embeddable":true,"href":"https:\/\/www.ousdeponent.com\/index.php?rest_route=\/wp\/v2\/users\/1"}],"replies":[{"embeddable":true,"href":"https:\/\/www.ousdeponent.com\/index.php?rest_route=%2Fwp%2Fv2%2Fcomments&post=260"}],"version-history":[{"count":17,"href":"https:\/\/www.ousdeponent.com\/index.php?rest_route=\/wp\/v2\/pages\/260\/revisions"}],"predecessor-version":[{"id":398,"href":"https:\/\/www.ousdeponent.com\/index.php?rest_route=\/wp\/v2\/pages\/260\/revisions\/398"}],"wp:attachment":[{"href":"https:\/\/www.ousdeponent.com\/index.php?rest_route=%2Fwp%2Fv2%2Fmedia&parent=260"}],"curies":[{"name":"wp","href":"https:\/\/api.w.org\/{rel}","templated":true}]}}